{"id":65,"date":"2021-05-04T15:06:06","date_gmt":"2021-05-04T15:06:06","guid":{"rendered":"https:\/\/www.svobodamysleni.cz\/?page_id=65"},"modified":"2021-05-06T10:17:50","modified_gmt":"2021-05-06T10:17:50","slug":"domu","status":"publish","type":"page","link":"https:\/\/www.svobodamysleni.cz\/","title":{"rendered":"Dom\u016f"},"content":{"rendered":"\n<p><strong>PROKLAMACE STRANY ZA SVOBODU MY\u0160LEN\u00cd V DIGIT\u00c1LN\u00cdM SV\u011aT\u011a<\/strong><\/p>\n\n\n\n<p>Zat\u00edmco se zav\u00e1d\u00ed p\u00e1t\u00e1 generace mobiln\u00edch s\u00edt\u00ed, kter\u00e1 m\u00e1 vytvo\u0159it internet v\u011bc\u00ed, ovl\u00e1dan\u00fdch na d\u00e1lku, v \u0161est\u00e9 generaci m\u00e1 doj\u00edt k p\u0159ipojen\u00ed mozk\u016f na internet a zat\u00edm nen\u00ed vylou\u010deno, \u017ee i k jejich ovl\u00e1d\u00e1n\u00ed na d\u00e1lku. Spole\u010dnosti Apple a Samsung m\u011bly u\u017e v dubnu 2017 prototypy elektroencefalografick\u00fdch za\u0159\u00edzen\u00ed, kter\u00e9 bylo mo\u017en\u00e9 si nasadit na hlavu a kter\u00e9 byly schopn\u00e9 p\u0159ed\u00e1vat do nov\u00fdch typ\u016f chytr\u00fdch telefon\u016f mozkov\u00e9 vlny a o\u010dek\u00e1vali, \u017ee po p\u0159\u00edm\u00e9m propojen\u00ed mozku s po\u010d\u00edta\u010dem se p\u0159estanou pou\u017e\u00edvat i kl\u00e1vesnice, dotykov\u00e9 displeje, my\u0161i a hlasov\u00e9 p\u0159\u00edkazy <a href=\"https:\/\/lsspjournal.springeropen.com\/articles\/10.1186\/s40504-017-0050-1\">https:\/\/lsspjournal.springeropen.com\/articles\/10.1186\/s40504-017-0050-1<\/a>. Sv\u011bt se tedy u\u017e n\u011bkolik let p\u0159ipravuje na to, \u017ee budou mozky jeho obyvatel p\u0159ipojeny na internet. Zat\u00edm se ale nezd\u00e1, \u017ee by m\u011bl n\u011bkdo z\u00e1jem h\u00e1jit svobodu lidsk\u00e9ho my\u0161len\u00ed. P\u0159ipojit sv\u016fj mozek na internet toti\u017e bude znamenat, \u017ee se do na\u0161ich mozk\u016f dostanou i my\u0161lenky a n\u00e1zory, kter\u00e9 nebudou na\u0161e a snadno se m\u016f\u017ee st\u00e1t, \u017ee budeme z internetu ovl\u00e1d\u00e1ni n\u011bk\u00fdm, kdo bude rozhodovat o tom, jak\u00e9 my\u0161lenky se odtamtud budou \u0161\u00ed\u0159it do na\u0161ich mysl\u00ed a jak se tedy budeme rozhodovat. Pokud na to p\u0159istoup\u00edme, ztrat\u00edme politickou i osobn\u00ed svobodu a bude mo\u017en\u00e9 naru\u0161ovat i na\u0161e vztahy s n\u00e1m bl\u00edzk\u00fdmi lidmi. V kone\u010dn\u00e9 f\u00e1zi m\u016f\u017eeme v\u0161ichni b\u00fdt \u0159\u00edzeni po\u010d\u00edta\u010di, do kter\u00fdch n\u011bkdo naprogramuje, co si m\u00e1me myslet a co m\u00e1me d\u011blat.<\/p>\n\n\n\n<p>K p\u0159ipojen\u00ed na\u0161ich mozk\u016f na internet nemus\u00ed b\u00fdt nutn\u011b pou\u017eito miniaturn\u00edch elektroencefalografick\u00fdch za\u0159\u00edzen\u00ed. V lo\u0148sk\u00e9m roce p\u0159iznala americk\u00e1 akademie v\u011bd, \u017ee k \u00fatok\u016fm na americk\u00e9 diplomaty na Kub\u011b a v \u010c\u00edn\u011b, kter\u00e9 jim zp\u016fsobily r\u016fzn\u00e9 halucinace a po\u0161kozen\u00ed mozk\u016f, bylo s nejv\u011bt\u0161\u00ed pravd\u011bpodobnosti pou\u017eito pulsovan\u00fdch mikrovln <a href=\"https:\/\/www.nap.edu\/catalog\/25889\/an-assessment-of-illness-in-us-government-employees-and-their-families-at-overseas-embassies\">An Assessment of Illness in U.S. Government Employees and Their Families at Overseas Embassies | The National Academies Press (nap.edu)<\/a> . Americk\u00e1 agentura Reuters a den\u00edk Politico p\u0159inesly 29. a 30.4.2021 zpr\u00e1vu ze sen\u00e1tn\u00edho v\u00fdboru americk\u00e9ho kongresu pro zpravodajskou slu\u017ebu, \u017ee k \u00fatok\u016fm &#8222;sm\u011brovanou radiofrekven\u010dn\u00ed energi\u00ed&#8220; na americk\u00e9 diplomaty p\u0159ib\u00fdv\u00e1 a do\u0161lo k nim i na americk\u00e9m \u00fazem\u00ed, kde byli napadeni dva \u010dlenov\u00e9 americk\u00e9 N\u00e1rodn\u00ed bezpe\u010dnostn\u00ed rady a zam\u011bstnanci americk\u00e9 vl\u00e1dy v Miami. Podle zpr\u00e1v z USA jsou tyto \u00fatoky t\u011b\u017eko odhaliteln\u00e9, proto\u017ee p\u0159\u00edstroje k jejich proveden\u00ed jsou mal\u00e9 a p\u0159enosn\u00e9. \u0158editelka odboru americk\u00e9ho ministerstva obrany pro nastupuj\u00edc\u00ed hrozby Jennifer Walshov\u00e1 a \u0161\u00e9f jeho politick\u00e9 sekce Griffin Decker \u0159ekli americk\u00e9mu kongresu, \u017ee nebezpe\u010d\u00ed \u00fatok\u016f, prov\u00e1d\u011bn\u00fdch s pou\u017eit\u00edm sm\u011brovan\u00e9 energie na cel\u00e9m sv\u011bt\u011b vzr\u016fst\u00e1 <a href=\"https:\/\/www.politico.com\/news\/2021\/04\/29\/directed-energy-attack-probe-485086?utm_source=newsletter&amp;utm_medium=email&amp;utm_campaign=the_targeted_massachusetts_north_east_sunday_newsletter_now_dew_attacks_in_miami_and_washington_dc_2_may_2021&amp;utm_term=2021-05-02\">https:\/\/www.politico.com\/news\/2021\/04\/29\/directed-energy-attack-probe-485086?utm_source=newsletter&amp;utm_medium=email&amp;utm_campaign=the_targeted_massachusetts_north_east_sunday_newsletter_now_dew_attacks_in_miami_and_washington_dc_2_may_2021&amp;utm_term=2021-05-02<\/a> <a href=\"https:\/\/www.reuters.com\/business\/media-telecom\/us-senate-intelligence-leaders-say-mystery-illness-attacks-increasing-2021-04-30\/\">https:\/\/www.reuters.com\/business\/media-telecom\/us-senate-intelligence-leaders-say-mystery-illness-attacks-increasing-2021-04-30\/<\/a>.<\/p>\n\n\n\n<p>P\u0159i pulsov\u00e1n\u00ed sign\u00e1l\u016f mobiln\u00edch telefon\u016f ve frekvenc\u00edch \u010dinnosti neuron\u016f v mozku by bylo mo\u017en\u00e9 p\u0159ipojit je k internetu a ovl\u00e1dat \u010dinnost mozk\u016f cel\u00fdch populac\u00ed. V roce 2007 napsal americk\u00fd vl\u00e1dn\u00ed list Washington Post, \u017ee v roce 1994 byly pulsovan\u00fdmi mikrovlnami vys\u00edlany do mozk\u016f dobrovoln\u00edk\u016f \u0161patn\u011b srozumiteln\u00e9 v\u011bty <a href=\"https:\/\/www.washingtonpost.com\/wp-dyn\/content\/article\/2007\/01\/10\/AR2007011001399_pf.html\">Mind Games (washingtonpost.com)<\/a> . O 24 let pozd\u011bji \u0159ekl v\u011bdec z americk\u00e9 agentury pro v\u00fdzkum pokro\u010dil\u00fdch vojensk\u00fdch technologi\u00ed (DARPA) James Giordano v p\u0159edn\u00e1\u0161ce pro vojensk\u00e9 kadety, \u017ee jeho agentura vyvinula nano\u010d\u00e1stice, kter\u00e9 je mo\u017en\u00e9 vypustit do vzduchu jako aerosol a kter\u00e9 se po vdechnut\u00ed dostanou do mozku a umo\u017en\u00ed tak p\u0159ipojen\u00ed mozku k elektromagnetick\u00fdm vys\u00edl\u00e1n\u00edm, kter\u00e1 diky t\u011bmto nano\u010d\u00e1stic\u00edm proniknou je\u0161t\u011b l\u00e9pe do mozku a budou moci ovl\u00e1dat jeho \u010dinnost <a href=\"https:\/\/www.youtube.com\/watch?utm_source=newsletter&amp;utm_medium=email&amp;utm_campaign=the_targeted_massachusetts_north_east_sunday_newsletter_14_february_2021&amp;utm_term=2021-02-14&amp;v=N02SK9yd60s&amp;feature=youtu.be\">https:\/\/www.youtube.com\/watch?utm_source=newsletter&amp;utm_medium=email&amp;utm_campaign=the_targeted_massachusetts_north_east_sunday_newsletter_14_february_2021&amp;utm_term=2021-02-14&amp;v=N02SK9yd60s&amp;feature=youtu.be<\/a> (38. minuta)..<\/p>\n\n\n\n<p>V \u010cesk\u00e9 republice p\u0159itom neexistuj\u00ed z\u00e1kony, kter\u00e9 by chr\u00e1nily \u010desk\u00e9 ob\u010dany p\u0159ed manipulacemi \u010dinnosti jejich mozk\u016f. Svobodu my\u0161len\u00ed n\u00e1m m\u016f\u017ee zajistit jenom z\u00e1kon, zakazuj\u00edc\u00ed pod p\u0159\u00edsn\u00fdmi tresty vys\u00edl\u00e1n\u00ed do atmosf\u00e9ry nebo mozku jak\u00e9koli energie ve frekvenc\u00edch \u010dinnosti lidsk\u00e9ho mozku. P\u0159ipojit sv\u016fj mozek na internet by m\u011blo b\u00fdt mo\u017en\u00e9 jedin\u011b s pou\u017eit\u00edm kabelov\u00e9ho p\u0159ipojen\u00ed, kter\u00e9 je mo\u017en\u00e9 zase odpojit. Vl\u00e1da bude muset zajistit odhalov\u00e1n\u00ed zak\u00e1zan\u00fdch vys\u00edl\u00e1n\u00ed a vyhled\u00e1v\u00e1n\u00ed jejich zdroj\u016f a vytvo\u0159it t\u00fdmy, kter\u00e9 budou schopny zajistit prov\u011b\u0159en\u00ed st\u00ed\u017enost\u00ed lid\u00ed, kte\u0159\u00ed si budou st\u011b\u017eovat, \u017ee jsou na jejich t\u011bla nebo nervov\u00fd syst\u00e9m podnik\u00e1ny energetick\u00e9 \u00fatoky tohoto druhu. K vyhled\u00e1v\u00e1n\u00ed zak\u00e1zan\u00fdch vys\u00edl\u00e1n\u00ed mus\u00ed m\u00edt ze z\u00e1kona p\u0159\u00edstup i p\u0159\u00edslu\u0161n\u00edci organizac\u00ed na obranu lidsk\u00fdch pr\u00e1v.<\/p>\n\n\n\n<p>Od za\u010d\u00e1tku tis\u00edcilet\u00ed se vyv\u00edj\u00ed nov\u00fd v\u011bdeck\u00fd obor &#8211; neuroetika, kde v\u011bdci u\u017e l\u00e9ta diskutuj\u00ed o tom, jestli a do jak\u00e9 m\u00edry m\u00e1 b\u00fdt lidsk\u00fd mozek zp\u0159\u00edstupn\u011bn technick\u00fdm manipulac\u00edm jeho \u010dinnosti. V minul\u00fdch m\u011bs\u00edc\u00edch jsme se pokusili zve\u0159ejnit v Respektu, T\u00fddnu, Reflexu, MF Dnes, Blesku a Pr\u00e1vu \u010dl\u00e1nek na toto t\u00e9ma. Proto\u017ee ho \u017e\u00e1dn\u00e9 z t\u011bchto m\u00e9di\u00ed nezve\u0159ejnilo a nejsou zve\u0159ej\u0148ov\u00e1ny ani jin\u00e9 \u010dl\u00e1nky, ve kter\u00fdch by ve\u0159ejnost byla informov\u00e1na o nebezpe\u010d\u00ed ztr\u00e1ty svobody my\u0161len\u00ed, je evidentn\u00ed, \u017ee v \u010cesk\u00e9 republice neexistuje politick\u00e1 v\u016fle diskutovat na ve\u0159ejnosti o tak z\u00e1va\u017en\u00e9m t\u00e9matu jako je svoboda my\u0161len\u00ed \u010desk\u00fdch ob\u010dan\u016f. Proto jsme se rozhodli zalo\u017eit politickou stranu, jej\u00edm\u017e c\u00edlem bude donutit \u010deskou vl\u00e1du a \u010desk\u00e1 m\u00e9dia, aby o tomto t\u00e9matu zah\u00e1jily ve\u0159ejnou diskusi. Pokud budou lid\u00e9 zbaveni p\u0159irozen\u00e9ho vztahu ke sv\u00e9mu okol\u00ed a ostatn\u00edm lidem, povede to nevyhnuteln\u011b k z\u00e1niku lidsk\u00e9ho druhu. Pros\u00edme z\u00e1jemce, kte\u0159\u00ed by se na tomto \u00fasil\u00ed cht\u011bli pod\u00edlet, aby se p\u0159ipojili do Facebookov\u00e9 skupiny Strana za svobodu my\u0161len\u00ed nebo se ozvali na e-mailovou adresu <a href=\"mailto:info@svobodamysleni.cz\">info@svobodamysleni.cz<\/a> .  Chceme, aby n\u00e1m i na\u0161im d\u011btem bylo zaru\u010deno pr\u00e1vo na vlastn\u00ed svobodn\u00fd a autentick\u00fd \u017eivot. Na\u0161e strana se pokou\u0161\u00ed inspirovat vznik podobn\u00fdch stran i v zahrani\u010d\u00ed.<\/p>\n\n\n\n<p>Bli\u017e\u0161\u00ed informace na toto t\u00e9ma najdete na adres\u00e1ch <a href=\"https:\/\/www.svobodamysleni.cz\/\">https:\/\/www.svobodamysleni.cz\/<\/a> a <a href=\"https:\/\/zakaz.webgarden.cz\/\">https:\/\/zakaz.webgarden.cz<\/a><\/p>\n","protected":false},"excerpt":{"rendered":"<p>PROKLAMACE STRANY ZA SVOBODU MY\u0160LEN\u00cd V DIGIT\u00c1LN\u00cdM SV\u011aT\u011a Zat\u00edmco se zav\u00e1d\u00ed p\u00e1t\u00e1 generace mobiln\u00edch s\u00edt\u00ed, kter\u00e1 m\u00e1 vytvo\u0159it internet v\u011bc\u00ed, ovl\u00e1dan\u00fdch na d\u00e1lku, v \u0161est\u00e9 generaci m\u00e1 doj\u00edt k p\u0159ipojen\u00ed mozk\u016f na internet a zat\u00edm nen\u00ed vylou\u010deno, \u017ee i k jejich ovl\u00e1d\u00e1n\u00ed na d\u00e1lku. Spole\u010dnosti Apple a Samsung m\u011bly u\u017e v dubnu 2017 prototypy elektroencefalografick\u00fdch &hellip; <\/p>\n<p class=\"link-more\"><a href=\"https:\/\/www.svobodamysleni.cz\/\" class=\"more-link\">Pokra\u010dovat ve \u010dten\u00ed<span class=\"screen-reader-text\"> &#8222;Dom\u016f&#8220;<\/span><\/a><\/p>\n","protected":false},"author":1,"featured_media":0,"parent":0,"menu_order":0,"comment_status":"closed","ping_status":"closed","template":"","meta":{"footnotes":""},"class_list":["post-65","page","type-page","status-publish","hentry","entry"],"_links":{"self":[{"href":"https:\/\/www.svobodamysleni.cz\/index.php\/wp-json\/wp\/v2\/pages\/65","targetHints":{"allow":["GET"]}}],"collection":[{"href":"https:\/\/www.svobodamysleni.cz\/index.php\/wp-json\/wp\/v2\/pages"}],"about":[{"href":"https:\/\/www.svobodamysleni.cz\/index.php\/wp-json\/wp\/v2\/types\/page"}],"author":[{"embeddable":true,"href":"https:\/\/www.svobodamysleni.cz\/index.php\/wp-json\/wp\/v2\/users\/1"}],"replies":[{"embeddable":true,"href":"https:\/\/www.svobodamysleni.cz\/index.php\/wp-json\/wp\/v2\/comments?post=65"}],"version-history":[{"count":3,"href":"https:\/\/www.svobodamysleni.cz\/index.php\/wp-json\/wp\/v2\/pages\/65\/revisions"}],"predecessor-version":[{"id":143,"href":"https:\/\/www.svobodamysleni.cz\/index.php\/wp-json\/wp\/v2\/pages\/65\/revisions\/143"}],"wp:attachment":[{"href":"https:\/\/www.svobodamysleni.cz\/index.php\/wp-json\/wp\/v2\/media?parent=65"}],"curies":[{"name":"wp","href":"https:\/\/api.w.org\/{rel}","templated":true}]}}